{"id":180,"date":"2024-05-04T15:45:12","date_gmt":"2024-05-04T13:45:12","guid":{"rendered":"https:\/\/heraclite.eu\/?page_id=180"},"modified":"2024-10-26T13:57:49","modified_gmt":"2024-10-26T11:57:49","slug":"qui-suis-je","status":"publish","type":"page","link":"https:\/\/heraclite.eu\/index.php\/qui-suis-je\/","title":{"rendered":"Who Am I ?"},"content":{"rendered":"\n<h1 class=\"wp-block-heading\">Author, Teacher, Advisor<a href=\"https:\/\/www.linkedin.com\/in\/edouard-gaudot-9921583\/\"><img loading=\"lazy\" decoding=\"async\" width=\"100\" height=\"67\" class=\"wp-image-50\" style=\"width: 100px;\" src=\"http:\/\/heraclite.eu\/wp-content\/uploads\/2019\/09\/logo-linkedin.jpg\" alt=\"\" srcset=\"https:\/\/heraclite.eu\/wp-content\/uploads\/2019\/09\/logo-linkedin.jpg 770w, https:\/\/heraclite.eu\/wp-content\/uploads\/2019\/09\/logo-linkedin-300x201.jpg 300w, https:\/\/heraclite.eu\/wp-content\/uploads\/2019\/09\/logo-linkedin-768x514.jpg 768w\" sizes=\"(max-width: 100px) 100vw, 100px\" \/><\/a><\/h1>\n\n\n\n<p class=\"has-medium-font-size\">A <strong>historian and political scientist<\/strong>, I have been a <strong>specialist in European affairs<\/strong> for over 20 years and in <strong>ecology<\/strong> for 15. Among other things, I worked for <strong>Bronislaw Geremek<\/strong> (former Polish foreign minister and MEP) for 5 years; I was an analyst in the political department of the European Commission Representation in Paris during the 2008 FPEU. And spent 10 years in the European Parliament as a political adviser to the Greens-Ale group. I was also politically involved with Europe-Ecologie in France <strong>until the end of 2016<\/strong>.<\/p>\n\n\n\n<p class=\"has-medium-font-size\"><strong>A former history professor<\/strong> (Sydney then Grenoble), an experienced teacher and facilitator, I am now a consultant. I also teach at a number of leading business schools (HEC, ESSEC, ILV, Paris-Dauphine). I am completely free of partisan commitments and political structures, and I keep my commitments to Europe, ecology, democracy and education alive in my day-to-day work as a consultant, in my associative activities at Citizen Campus and in my regular public appearances.<\/p>\n\n\n\n<p class=\"has-medium-font-size\">I am the co-founder of <a href=\"http:\/\/europe-info-hebdo.eu\/\">Europe-Info-Hebdo<\/a>, an analytical review of European current affairs. I am also the author of several books, most recently <a href=\"https:\/\/www.sorbonne-universite.fr\/parutions\/les-sept-piliers-de-la-cite\"><em>Les 7 piliers de la Cit\u00e9<\/em><\/a>, 2022, Plon.<\/p>\n\n\n\n<h1 class=\"wp-block-heading\">Auteur, Enseignant, Conseiller<a href=\"https:\/\/www.linkedin.com\/in\/edouard-gaudot-9921583\/\"><img loading=\"lazy\" decoding=\"async\" width=\"100\" height=\"67\" class=\"wp-image-50\" style=\"width: 100px;\" src=\"http:\/\/heraclite.eu\/wp-content\/uploads\/2019\/09\/logo-linkedin.jpg\" alt=\"\" srcset=\"https:\/\/heraclite.eu\/wp-content\/uploads\/2019\/09\/logo-linkedin.jpg 770w, https:\/\/heraclite.eu\/wp-content\/uploads\/2019\/09\/logo-linkedin-300x201.jpg 300w, https:\/\/heraclite.eu\/wp-content\/uploads\/2019\/09\/logo-linkedin-768x514.jpg 768w\" sizes=\"(max-width: 100px) 100vw, 100px\" \/><\/a><\/h1>\n\n\n\n<p class=\"has-medium-font-size\">Historien et politiste, je suis un sp\u00e9cialiste des affaires europ\u00e9ennes depuis plus de vingt ans et d\u2019\u00e9cologie depuis quinze. J&#8217;ai \u00e9t\u00e9, entre autres, collaborateur de Bronislaw Geremek (ancien ministre des affaires \u00e9trang\u00e8res polonais et d\u00e9put\u00e9 europ\u00e9en) pendant 5 ans, analyste au service politique de la Repr\u00e9sentation de la Commission europ\u00e9enne \u00e0 Paris pendant la PFUE de 2008 et conseiller politique du groupe Verts-Ale au Parlement europ\u00e9en pendant 9 ans. J&#8217;ai aussi \u00e9t\u00e9 engag\u00e9 politiquement aupr\u00e8s d\u2019Europe-Ecologie en France jusque fin 2016.<\/p>\n\n\n\n<p class=\"has-medium-font-size\">Ancien professeur d\u2019histoire (Sydney puis Grenoble), p\u00e9dagogue et animateur confirm\u00e9, je suis aujourd&#8217;hui consultant et j&#8217;enseigne dans diverses grandes \u00e9coles (HEC, ESSEC, ILV, Paris-Dauphine). Aujourd\u2019hui d\u00e9gag\u00e9 des engagements partisans et des structures politiques, je fais vivre mes engagements en faveur de l\u2019Europe, de l\u2019\u00e9cologie, de la d\u00e9mocratie et de l\u2019\u00e9ducation, dans mon travail quotidien de consultant, mes activit\u00e9s associatives \u00e0 Citizen Campus, et dans mes interventions r\u00e9guli\u00e8res dans l\u2019espace public.<\/p>\n\n\n\n<p class=\"has-medium-font-size\">Je suis le co-fondateur d\u2019<a href=\"http:\/\/europe-info-hebdo.eu\/\">Europe-Info-Hebdo<\/a>, revue analytique de l\u2019actualit\u00e9 europ\u00e9enne. Je suis aussi auteur de plusieurs livres, dont r\u00e9cemment <a href=\"https:\/\/www.sorbonne-universite.fr\/parutions\/les-sept-piliers-de-la-cite\"><em>Les 7 piliers de la Cit\u00e9<\/em><\/a>, 2022, Plon.<\/p>\n\n\n\n<p><\/p>\n\n\n\n<p><\/p>\n\n\n\n<p class=\"has-text-align-center\"><em><strong>Quelques exemples d&#8217;interventions ou d&#8217;animation, sur l&#8217;Europe, l&#8217;\u00e9cologie, ou l&#8217;\u00e9ducation&#8230;<\/strong><\/em><\/p>\n\n\n\n<figure class=\"wp-block-embed is-type-video is-provider-youtube wp-block-embed-youtube wp-embed-aspect-16-9 wp-has-aspect-ratio\"><div class=\"wp-block-embed__wrapper\">\n<iframe loading=\"lazy\" title=\"L&#039;Europe, c&#039;est nous ! Module 3 Podcast 1 G\u00e9n\u00e9ration d\u00e9senchant\u00e9e\" width=\"1140\" height=\"641\" src=\"https:\/\/www.youtube.com\/embed\/EcBp_AxP44M?feature=oembed\" frameborder=\"0\" allow=\"accelerometer; autoplay; clipboard-write; encrypted-media; gyroscope; picture-in-picture; web-share\" referrerpolicy=\"strict-origin-when-cross-origin\" allowfullscreen><\/iframe>\n<\/div><\/figure>\n\n\n\n<figure class=\"wp-block-embed is-type-video is-provider-youtube wp-block-embed-youtube wp-embed-aspect-16-9 wp-has-aspect-ratio\"><div class=\"wp-block-embed__wrapper\">\n<iframe loading=\"lazy\" title=\"[Parcours] Conseiller Politique, avec Edouard Gaudot\" width=\"1140\" height=\"641\" src=\"https:\/\/www.youtube.com\/embed\/WGauoayod44?feature=oembed\" frameborder=\"0\" allow=\"accelerometer; autoplay; clipboard-write; encrypted-media; gyroscope; picture-in-picture; web-share\" referrerpolicy=\"strict-origin-when-cross-origin\" allowfullscreen><\/iframe>\n<\/div><figcaption class=\"wp-element-caption\">Entretien pour EuropaNova, 2021 &#8211; Qu&#8217;est-ce qu&#8217;un conseiller politique sur les questions europ\u00e9ennes?<\/figcaption><\/figure>\n\n\n\n<figure class=\"wp-block-embed is-type-video is-provider-youtube wp-block-embed-youtube wp-embed-aspect-16-9 wp-has-aspect-ratio\"><div class=\"wp-block-embed__wrapper\">\n<iframe loading=\"lazy\" title=\"Comment s&#039;apprend l&#039;Europe ? Par Edouard Gaudot\" width=\"1140\" height=\"641\" src=\"https:\/\/www.youtube.com\/embed\/czOgbVEGm_o?feature=oembed\" frameborder=\"0\" allow=\"accelerometer; autoplay; clipboard-write; encrypted-media; gyroscope; picture-in-picture; web-share\" referrerpolicy=\"strict-origin-when-cross-origin\" allowfullscreen><\/iframe>\n<\/div><figcaption class=\"wp-element-caption\"><strong>Comment s&#8217;apprend l&#8217;Europe?<\/strong> &#8211; une interview pour Sqool TV &#8211; 2023<\/figcaption><\/figure>\n\n\n\n<figure class=\"wp-block-embed is-type-video is-provider-youtube wp-block-embed-youtube wp-embed-aspect-16-9 wp-has-aspect-ratio\"><div class=\"wp-block-embed__wrapper\">\n<iframe loading=\"lazy\" title=\"REP 2020: 3 questions \u00e0 ... Edouard Gaudot\" width=\"1140\" height=\"641\" src=\"https:\/\/www.youtube.com\/embed\/RBq5-O8h92s?feature=oembed\" frameborder=\"0\" allow=\"accelerometer; autoplay; clipboard-write; encrypted-media; gyroscope; picture-in-picture; web-share\" referrerpolicy=\"strict-origin-when-cross-origin\" allowfullscreen><\/iframe>\n<\/div><figcaption class=\"wp-element-caption\"><strong>Ecologie ou Barbarie?<\/strong> Entretien avec <a href=\"http:\/\/etopia.be\">Etopia.be<\/a> aux Rencontres de l&#8217;Ecologie Politique, 2020<\/figcaption><\/figure>\n\n\n\n<figure class=\"wp-block-embed is-type-video is-provider-youtube wp-block-embed-youtube wp-embed-aspect-16-9 wp-has-aspect-ratio\"><div class=\"wp-block-embed__wrapper\">\n<iframe loading=\"lazy\" title=\"Le Trait\u00e9 du Quirinale : perspectives et atouts d&#039;un rapprochement historique\" width=\"1140\" height=\"641\" src=\"https:\/\/www.youtube.com\/embed\/d7rVX1l_hSc?feature=oembed\" frameborder=\"0\" allow=\"accelerometer; autoplay; clipboard-write; encrypted-media; gyroscope; picture-in-picture; web-share\" referrerpolicy=\"strict-origin-when-cross-origin\" allowfullscreen><\/iframe>\n<\/div><figcaption class=\"wp-element-caption\"><strong>Le trait\u00e9 Franco-Italien du Quirinale<\/strong> &#8211; un d\u00e9bat en Fran\u00e7ais et Italien avec l&#8217;eurod\u00e9put\u00e9 <strong>Sandro Gozzi<\/strong> et l&#8217;ancienne ministre de la culture, <strong>Aur\u00e9lie Filippetti<\/strong>, co-anim\u00e9 avec <strong>Eliana Capretti<\/strong>, \u00e0 l&#8217;Institut Culturel Italien, en 2022.<\/figcaption><\/figure>\n","protected":false},"excerpt":{"rendered":"<p>Author, Teacher, Advisor A historian and political scientist, I have been a specialist in European affairs for over 20 years&hellip; <a class=\"read-more\" href=\"https:\/\/heraclite.eu\/index.php\/qui-suis-je\/\">Continue Reading<\/a><\/p>\n","protected":false},"author":1,"featured_media":315,"parent":0,"menu_order":0,"comment_status":"closed","ping_status":"closed","template":"","meta":{"footnotes":""},"class_list":["post-180","page","type-page","status-publish","has-post-thumbnail","hentry"],"_links":{"self":[{"href":"https:\/\/heraclite.eu\/index.php\/wp-json\/wp\/v2\/pages\/180"}],"collection":[{"href":"https:\/\/heraclite.eu\/index.php\/wp-json\/wp\/v2\/pages"}],"about":[{"href":"https:\/\/heraclite.eu\/index.php\/wp-json\/wp\/v2\/types\/page"}],"author":[{"embeddable":true,"href":"https:\/\/heraclite.eu\/index.php\/wp-json\/wp\/v2\/users\/1"}],"replies":[{"embeddable":true,"href":"https:\/\/heraclite.eu\/index.php\/wp-json\/wp\/v2\/comments?post=180"}],"version-history":[{"count":11,"href":"https:\/\/heraclite.eu\/index.php\/wp-json\/wp\/v2\/pages\/180\/revisions"}],"predecessor-version":[{"id":348,"href":"https:\/\/heraclite.eu\/index.php\/wp-json\/wp\/v2\/pages\/180\/revisions\/348"}],"wp:featuredmedia":[{"embeddable":true,"href":"https:\/\/heraclite.eu\/index.php\/wp-json\/wp\/v2\/media\/315"}],"wp:attachment":[{"href":"https:\/\/heraclite.eu\/index.php\/wp-json\/wp\/v2\/media?parent=180"}],"curies":[{"name":"wp","href":"https:\/\/api.w.org\/{rel}","templated":true}]}}