{"id":182,"date":"2024-05-04T15:45:12","date_gmt":"2024-05-04T13:45:12","guid":{"rendered":"https:\/\/heraclite.eu\/?page_id=182"},"modified":"2024-10-26T15:37:01","modified_gmt":"2024-10-26T13:37:01","slug":"services","status":"publish","type":"page","link":"https:\/\/heraclite.eu\/index.php\/services\/","title":{"rendered":"Services (\ud83c\uddeb\ud83c\uddf7 &amp; \ud83c\uddec\ud83c\udde7)"},"content":{"rendered":"\n<p class=\"has-large-font-size\"> \ud83c\uddec\ud83c\udde7<\/p>\n\n\n\n<p class=\"has-medium-font-size\"><strong>Strategy, training or influence<\/strong>: I bring to you the knowledge of the EU decision-making processes and institutional organisation. <\/p>\n\n\n\n<p class=\"has-text-align-left has-medium-font-size\">I help your executives devise the <strong>right strategy<\/strong> to efficiently position yourself, <strong>advocate<\/strong> your cause, <strong>defend<\/strong> your interests and <strong>develop<\/strong> your influence. <\/p>\n\n\n\n<p class=\"has-text-align-left has-medium-font-size\">I bring <strong>systemic and strategic thinking<\/strong> to your company and your executives, in order to reach smart decisions.<\/p>\n\n\n\n<p class=\"has-text-align-left has-medium-font-size\">I offer advice in the development of human capital, strengthening the capacities to adapt, deepening the sens of purpose beyond mere financial profitability.<\/p>\n\n\n\n<p class=\"has-large-font-size\">\ud83c\uddeb\ud83c\uddf7<\/p>\n\n\n\n<p class=\"has-medium-font-size\"><strong>Strat\u00e9gie, formation ou influence<\/strong>: Je vous apporte la connaissance des processus d\u00e9cisionnels et de l&#8217;organisation institutionnelle de l&#8217;UE.<\/p>\n\n\n\n<p class=\"has-text-align-left has-medium-font-size\">J&#8217;aide vos cadres \u00e0 \u00e9laborer <strong>la bonne strat\u00e9gie <\/strong>pour vous positionner efficacement, <strong>plaider<\/strong> votre cause, <strong>d\u00e9fendre<\/strong> vos int\u00e9r\u00eats et <strong>d\u00e9velopper<\/strong> votre influence.<\/p>\n\n\n\n<p class=\"has-medium-font-size\">J&#8217;apporte <strong>une r\u00e9flexion syst\u00e9mique et strat\u00e9gique<\/strong> \u00e0 votre entreprise et \u00e0 vos cadres, afin de prendre des d\u00e9cisions inform\u00e9es et sens\u00e9es.<\/p>\n\n\n\n<p class=\"has-medium-font-size\">J&#8217;offre des conseils en mati\u00e8re de <strong>d\u00e9veloppement du capital humain<\/strong>, de renforcement des capacit\u00e9s d&#8217;adaptation, d&#8217;approfondissement du sens de l&#8217;objectif au-del\u00e0 de la simple rentabilit\u00e9 financi\u00e8re.<\/p>\n\n\n\n<figure class=\"wp-block-image size-large\"><img loading=\"lazy\" decoding=\"async\" width=\"724\" height=\"1024\" src=\"https:\/\/heraclite.eu\/wp-content\/uploads\/2024\/10\/scheme-2-724x1024.png\" alt=\"\" class=\"wp-image-364\" srcset=\"https:\/\/heraclite.eu\/wp-content\/uploads\/2024\/10\/scheme-2-724x1024.png 724w, https:\/\/heraclite.eu\/wp-content\/uploads\/2024\/10\/scheme-2-212x300.png 212w, https:\/\/heraclite.eu\/wp-content\/uploads\/2024\/10\/scheme-2-768x1087.png 768w, https:\/\/heraclite.eu\/wp-content\/uploads\/2024\/10\/scheme-2-1086x1536.png 1086w, https:\/\/heraclite.eu\/wp-content\/uploads\/2024\/10\/scheme-2-1447x2048.png 1447w\" sizes=\"(max-width: 724px) 100vw, 724px\" \/><\/figure>\n","protected":false},"excerpt":{"rendered":"<p>\ud83c\uddec\ud83c\udde7 Strategy, training or influence: I bring to you the knowledge of the EU decision-making processes and institutional organisation. I&hellip; <a class=\"read-more\" href=\"https:\/\/heraclite.eu\/index.php\/services\/\">Continue Reading<\/a><\/p>\n","protected":false},"author":1,"featured_media":316,"parent":0,"menu_order":0,"comment_status":"closed","ping_status":"closed","template":"","meta":{"footnotes":""},"class_list":["post-182","page","type-page","status-publish","has-post-thumbnail","hentry"],"_links":{"self":[{"href":"https:\/\/heraclite.eu\/index.php\/wp-json\/wp\/v2\/pages\/182"}],"collection":[{"href":"https:\/\/heraclite.eu\/index.php\/wp-json\/wp\/v2\/pages"}],"about":[{"href":"https:\/\/heraclite.eu\/index.php\/wp-json\/wp\/v2\/types\/page"}],"author":[{"embeddable":true,"href":"https:\/\/heraclite.eu\/index.php\/wp-json\/wp\/v2\/users\/1"}],"replies":[{"embeddable":true,"href":"https:\/\/heraclite.eu\/index.php\/wp-json\/wp\/v2\/comments?post=182"}],"version-history":[{"count":11,"href":"https:\/\/heraclite.eu\/index.php\/wp-json\/wp\/v2\/pages\/182\/revisions"}],"predecessor-version":[{"id":375,"href":"https:\/\/heraclite.eu\/index.php\/wp-json\/wp\/v2\/pages\/182\/revisions\/375"}],"wp:featuredmedia":[{"embeddable":true,"href":"https:\/\/heraclite.eu\/index.php\/wp-json\/wp\/v2\/media\/316"}],"wp:attachment":[{"href":"https:\/\/heraclite.eu\/index.php\/wp-json\/wp\/v2\/media?parent=182"}],"curies":[{"name":"wp","href":"https:\/\/api.w.org\/{rel}","templated":true}]}}