{"id":189,"date":"2024-05-04T15:48:38","date_gmt":"2024-05-04T13:48:38","guid":{"rendered":"https:\/\/heraclite.eu\/?page_id=189"},"modified":"2024-11-05T14:08:40","modified_gmt":"2024-11-05T13:08:40","slug":"expertise","status":"publish","type":"page","link":"https:\/\/heraclite.eu\/index.php\/expertise\/","title":{"rendered":"Expertise (\ud83c\uddeb\ud83c\uddf7 &amp; \ud83c\uddec\ud83c\udde7)"},"content":{"rendered":"\n<p class=\"has-large-font-size\"><img loading=\"lazy\" decoding=\"async\" width=\"75\" height=\"75\" class=\"wp-image-413\" style=\"width: 75px;\" src=\"http:\/\/heraclite.eu\/wp-content\/uploads\/2024\/11\/cropped-logo1-e1730738717412.jpg\" alt=\"\"> \ud83c\uddec\ud83c\udde7<\/p>\n\n\n\n<ul class=\"wp-block-list\">\n<li class=\"has-large-font-size\"><strong>Strategic thinking<\/strong><\/li>\n<\/ul>\n\n\n\n<p class=\"has-medium-font-size\">I have spent more than 20 years in the political field at European and national levels in various positions of political advisor, policy expert and communication strategist, devising <strong>impactful, targeted messaging<\/strong>. I have advised many electoral campaigns, either in France or in the EU, and served as consultant for candidates or lists. I have a proven track record of <strong>analyzing complex political landscapes<\/strong> and <strong>developing tailored solutions<\/strong>. As a <strong>political advisor<\/strong> to the Greens\/EFA Group in the European Parliament, I led the crafting of <strong>policy recommendations<\/strong> on critical issues in the fields of <strong>geopolitics<\/strong> and <strong>fundamental freedoms<\/strong>, advising leadership on <strong>legislative strategies<\/strong> and <strong>coalition building<\/strong>.<\/p>\n\n\n\n<ul class=\"wp-block-list\">\n<li class=\"has-large-font-size\"><strong>In-depth knowledge of the EU political labyrinth <\/strong><\/li>\n<\/ul>\n\n\n\n<p class=\"has-medium-font-size\">I am a seasoned and <strong>renowned expert<\/strong> in <strong>EU politics and policy<\/strong> analysis, bringing <strong>high-level insights<\/strong> and <strong>strategic acumen<\/strong> to complex European political and legislative issues. From the College of Europe to the European Parliament, I have written and delivered <strong>in-depth analyses<\/strong> and crafted <strong>strategic recommendations<\/strong> on impactful topics like Brexit, intellectual property rights, fundamental freedoms or international relations, directly supporting <strong>key decision-making<\/strong> processes. <\/p>\n\n\n\n<p class=\"has-medium-font-size\">In cooperation with an ESSEC colleague, I founded <a href=\"https:\/\/europeinfohebdo.substack.com\/\"><em>EUroscope Hebdo<\/em>,<\/a> an<strong> analytical review<\/strong> on EU affairs. After co-founding it in 2011, I am still Senior Editor for the <a href=\"https:\/\/www.greeneuropeanjournal.eu\/\">Green European Journal<\/a>. Through these and other <strong>influential publications<\/strong>, I take regularly and frequently part to the European political conversation and contribute to shape vital topics such as democratic activism and sustainable economic competition. I am now a <strong>trusted voice<\/strong> in European policy discourse.<\/p>\n\n\n\n<ul class=\"wp-block-list\">\n<li class=\"has-large-font-size\"><strong>Comprehensive analytical and research studies<\/strong><\/li>\n<\/ul>\n\n\n\n<p class=\"has-medium-font-size\">I worked with institutions such as the Green European Foundation or the Institute of European Democrats to produce <strong>actionable insights<\/strong>, delivering studies on urgent topics such as the future of the EU\u2019s <strong>energy system<\/strong>, or the <strong>situation of the European youth<\/strong>.<\/p>\n\n\n\n<ul class=\"wp-block-list\">\n<li class=\"has-large-font-size\"><strong>Professional moderator<\/strong><\/li>\n<\/ul>\n\n\n\n<p class=\"has-medium-font-size\">I regularly take part to public discussions, also as a <strong>professional moderator<\/strong>, where my expertise in <strong>engaging diverse stakeholders<\/strong> and <strong>guiding productive dialogue<\/strong>, is a crucial skill in navigating <strong>multifaceted political dynamics<\/strong>.<\/p>\n\n\n\n<ul class=\"wp-block-list\">\n<li class=\"has-large-font-size\"><strong>Impact writing<\/strong><\/li>\n<\/ul>\n\n\n\n<p class=\"has-medium-font-size\">I am an <strong>acknowledged and experienced writer<\/strong>. <\/p>\n\n\n\n<p class=\"has-medium-font-size\"><strong>I published several books<\/strong>, sometimes in cooperation, and several articles (see <a href=\"https:\/\/heraclite.eu\/index.php\/publications\/\" data-type=\"page\" data-id=\"275\">publications<\/a>). Some of the books have been written on behalf of individual political figures or for groups&#8217; communication. I provide impactful and thoughtfully crafted written communication material, in accordance to the different channels, and targeted audiences.<\/p>\n\n\n\n<p class=\"has-large-font-size\"><img loading=\"lazy\" decoding=\"async\" width=\"75\" height=\"75\" class=\"wp-image-413\" style=\"width: 75px;\" src=\"http:\/\/heraclite.eu\/wp-content\/uploads\/2024\/11\/cropped-logo1-e1730738717412.jpg\" alt=\"\"> \ud83c\uddeb\ud83c\uddf7<\/p>\n\n\n\n<ul class=\"wp-block-list\">\n<li class=\"has-large-font-size\"><strong>R\u00e9flexion strat\u00e9gique<\/strong><\/li>\n<\/ul>\n\n\n\n<p class=\"has-medium-font-size\">J&#8217;ai pass\u00e9 <strong>plus de 20 ans dans le domaine politique<\/strong> aux niveaux europ\u00e9en et national \u00e0 divers postes de conseiller politique, d&#8217;expert en politique et de strat\u00e8ge en communication. J&#8217;ai conseill\u00e9 de nombreuses campagnes \u00e9lectorales, que ce soit en France ou dans l&#8217;UE, et j&#8217;ai \u00e9t\u00e9 consultant pour plusieurs candidats ou listes. J&#8217;ai une grande exp\u00e9rience dans l&#8217;<strong>analyse de paysages politiques complexes<\/strong> et dans l&#8217;<strong>\u00e9laboration de solutions sur mesure<\/strong>. En tant que <strong>conseiller politique<\/strong> du Groupe des Verts\/ALE au Parlement europ\u00e9en, j&#8217;ai dirig\u00e9 l&#8217;\u00e9laboration de <strong>recommandations politiques<\/strong> sur des questions critiques dans les domaines de la <strong>g\u00e9opolitique<\/strong> et des <strong>libert\u00e9s fondamentales<\/strong>, en conseillant les dirigeants sur les <strong>strat\u00e9gies l\u00e9gislatives<\/strong> et la <strong>cr\u00e9ation de coalitions<\/strong>.<\/p>\n\n\n\n<p class=\"has-medium-font-size\">Au cours des campagnes \u00e9lectorales et de mon travail en tant que membre de l&#8217;\u00e9quipe de strat\u00e9gie et de communication du Groupe des Verts\/ALE, j&#8217;ai \u00e9galement d\u00e9velopp\u00e9 de solides comp\u00e9tences en mati\u00e8re de <strong>strat\u00e9gie de communication et de mise en \u0153uvre de<\/strong> <strong>messages cibl\u00e9s et percutants<\/strong> sur des sujets cl\u00e9s.<\/p>\n\n\n\n<ul class=\"wp-block-list\">\n<li class=\"has-large-font-size\"><strong>Connaissance approfondie du labyrinthe politique de l&#8217;UE<\/strong><\/li>\n<\/ul>\n\n\n\n<p class=\"has-medium-font-size\">Je suis un <strong>expert<\/strong> chevronn\u00e9 et <strong>reconnu<\/strong> dans le domaine de la <strong>politique europ\u00e9enne et de l&#8217;analyse des politiques publiques<\/strong>, apportant une <strong>vision<\/strong> <strong>de<\/strong> <strong>haut niveau<\/strong> et une <strong>acuit\u00e9 strat\u00e9gique<\/strong> aux questions politiques et l\u00e9gislatives europ\u00e9ennes complexes. Du Coll\u00e8ge d&#8217;Europe au Parlement europ\u00e9en, j&#8217;ai r\u00e9dig\u00e9 et fourni des <strong>analyses approfondies<\/strong> et \u00e9labor\u00e9 des <strong>recommandations strat\u00e9giques<\/strong> sur des sujets importants tels que le Brexit, les droits de propri\u00e9t\u00e9 intellectuelle, les libert\u00e9s fondamentales ou les relations internationales, soutenant ainsi directement des processus <strong>d\u00e9cisionnels cl\u00e9s<\/strong>.<\/p>\n\n\n\n<p class=\"has-medium-font-size\">Avec une coll\u00e8gue de l&#8217;ESSEC, jai fond\u00e9 <a href=\"https:\/\/europeinfohebdo.substack.com\/\"><em>EUroscope Hebdo<\/em>,<\/a> une<strong> revue analytique<\/strong> sur les affaires europ\u00e9ennes. Apr\u00e8s avoir contribu\u00e9 \u00e0 sa fondation en 2011, je suis toujours membre senior du Comit\u00e9 de r\u00e9daction du <a href=\"https:\/\/www.greeneuropeanjournal.eu\/\">Green European Journal<\/a>. Gr\u00e2ce \u00e0 ces <strong>supports<\/strong> et \u00e0 d&#8217;autres <strong>publications influentes<\/strong>, je participe r\u00e9guli\u00e8rement et fr\u00e9quemment \u00e0 la conversation politique europ\u00e9enne et je contribue \u00e0 fa\u00e7onner des sujets vitaux tels que l&#8217;activisme d\u00e9mocratique et la concurrence \u00e9conomique durable. Je suis d\u00e9sormais une <strong>voix de confiance<\/strong> dans le discours politique europ\u00e9en.<\/p>\n\n\n\n<ul class=\"wp-block-list\">\n<li class=\"has-large-font-size\"><strong>R\u00e9alisation d&#8217;\u00e9tudes analytiques compl\u00e8tes <\/strong><\/li>\n<\/ul>\n\n\n\n<p class=\"has-medium-font-size\">J&#8217;ai travaill\u00e9 avec des institutions telles que la Fondation verte europ\u00e9enne ou l&#8217;Institut des d\u00e9mocrates europ\u00e9ens pour produire des <strong>analyses exploitables<\/strong>, en r\u00e9alisant des \u00e9tudes sur des sujets urgents tels que l&#8217;avenir du <strong>syst\u00e8me \u00e9nerg\u00e9tique de<\/strong> l&#8217;UE ou l&#8217;<strong>\u00e9tat de la jeunesse europ\u00e9enne<\/strong>.<\/p>\n\n\n\n<ul class=\"wp-block-list\">\n<li class=\"has-large-font-size\"><strong>Mod\u00e9rateur professionnel<\/strong><\/li>\n<\/ul>\n\n\n\n<p class=\"has-medium-font-size\">Je participe r\u00e9guli\u00e8rement \u00e0 des d\u00e9bats publics, \u00e9galement en tant que <strong>mod\u00e9rateur professionnel<\/strong>, o\u00f9 mon expertise dans l&#8217;<strong>engagement de diverses parties prenantes<\/strong> et dans <strong>l&#8217;orientation d&#8217;un dialogue productif<\/strong> est une comp\u00e9tence cruciale pour naviguer dans des <strong>dynamiques politiques \u00e0 multiples facettes<\/strong>.<\/p>\n\n\n\n<ul class=\"wp-block-list\">\n<li class=\"has-large-font-size\"><strong>Plume <\/strong><\/li>\n<\/ul>\n\n\n\n<p class=\"has-medium-font-size\">Je suis un <strong>r\u00e9dacteur reconnu et exp\u00e9riment\u00e9<\/strong>.<\/p>\n\n\n\n<p class=\"has-medium-font-size\"><strong>J&#8217;ai publi\u00e9 plusieurs livres<\/strong>, soit en coop\u00e9ration, soit seul, ainsi que de nombreux articles (voir <a href=\"https:\/\/heraclite.eu\/index.php\/publications\/\">publications<\/a>). Certains des ouvrages ont \u00e9t\u00e9 \u00e9crits au nom de personnalit\u00e9s politiques ou pour la communication de groupes. Je fournis du mat\u00e9riel de communication \u00e9crite <strong>percutant et bien con\u00e7u<\/strong>, en fonction des diff\u00e9rents canaux et des publics cibl\u00e9s.<\/p>\n","protected":false},"excerpt":{"rendered":"<p>\ud83c\uddec\ud83c\udde7 I have spent more than 20 years in the political field at European and national levels in various positions&hellip; <a class=\"read-more\" href=\"https:\/\/heraclite.eu\/index.php\/expertise\/\">Continue Reading<\/a><\/p>\n","protected":false},"author":1,"featured_media":317,"parent":0,"menu_order":0,"comment_status":"closed","ping_status":"closed","template":"","meta":{"footnotes":""},"class_list":["post-189","page","type-page","status-publish","has-post-thumbnail","hentry"],"_links":{"self":[{"href":"https:\/\/heraclite.eu\/index.php\/wp-json\/wp\/v2\/pages\/189"}],"collection":[{"href":"https:\/\/heraclite.eu\/index.php\/wp-json\/wp\/v2\/pages"}],"about":[{"href":"https:\/\/heraclite.eu\/index.php\/wp-json\/wp\/v2\/types\/page"}],"author":[{"embeddable":true,"href":"https:\/\/heraclite.eu\/index.php\/wp-json\/wp\/v2\/users\/1"}],"replies":[{"embeddable":true,"href":"https:\/\/heraclite.eu\/index.php\/wp-json\/wp\/v2\/comments?post=189"}],"version-history":[{"count":30,"href":"https:\/\/heraclite.eu\/index.php\/wp-json\/wp\/v2\/pages\/189\/revisions"}],"predecessor-version":[{"id":428,"href":"https:\/\/heraclite.eu\/index.php\/wp-json\/wp\/v2\/pages\/189\/revisions\/428"}],"wp:featuredmedia":[{"embeddable":true,"href":"https:\/\/heraclite.eu\/index.php\/wp-json\/wp\/v2\/media\/317"}],"wp:attachment":[{"href":"https:\/\/heraclite.eu\/index.php\/wp-json\/wp\/v2\/media?parent=189"}],"curies":[{"name":"wp","href":"https:\/\/api.w.org\/{rel}","templated":true}]}}