{"id":275,"date":"2024-10-01T19:10:36","date_gmt":"2024-10-01T17:10:36","guid":{"rendered":"https:\/\/heraclite.eu\/?page_id=275"},"modified":"2025-07-08T17:28:01","modified_gmt":"2025-07-08T15:28:01","slug":"publications","status":"publish","type":"page","link":"https:\/\/heraclite.eu\/index.php\/publications\/","title":{"rendered":"Publications"},"content":{"rendered":"\n<figure class=\"wp-block-image is-resized\"><img loading=\"lazy\" decoding=\"async\" width=\"1024\" height=\"1024\" src=\"https:\/\/heraclite.eu\/wp-content\/uploads\/2024\/10\/cover-pic-1-1024x1024.jpeg\" alt=\"\" class=\"wp-image-327\" style=\"width:586px;height:auto\" srcset=\"https:\/\/heraclite.eu\/wp-content\/uploads\/2024\/10\/cover-pic-1-1024x1024.jpeg 1024w, https:\/\/heraclite.eu\/wp-content\/uploads\/2024\/10\/cover-pic-1-300x300.jpeg 300w, https:\/\/heraclite.eu\/wp-content\/uploads\/2024\/10\/cover-pic-1-150x150.jpeg 150w, https:\/\/heraclite.eu\/wp-content\/uploads\/2024\/10\/cover-pic-1-768x768.jpeg 768w, https:\/\/heraclite.eu\/wp-content\/uploads\/2024\/10\/cover-pic-1-1536x1536.jpeg 1536w, https:\/\/heraclite.eu\/wp-content\/uploads\/2024\/10\/cover-pic-1.jpeg 1791w\" sizes=\"(max-width: 1024px) 100vw, 1024px\" \/><\/figure>\n\n\n\n<p><\/p>\n\n\n\n<p class=\"has-medium-font-size\"><strong>2022<\/strong> <em><a href=\"https:\/\/www.sorbonne-universite.fr\/parutions\/les-sept-piliers-de-la-cite\">Les Sept Piliers de la Cit\u00e9 <\/a><\/em>, Plon <\/p>\n\n\n\n<p class=\"has-medium-font-size\"><strong>2020<\/strong> &nbsp; <a href=\"https:\/\/www.actes-sud.fr\/catalogue\/sciences-humaines-et-sociales-sciences\/dessine-moi-un-avenir\"><em>Dessine-moi un avenir<\/em><\/a><em>,&nbsp;<\/em>with R. Aenas, N. Laville,&nbsp;Actes Sud <\/p>\n\n\n\n<p class=\"has-medium-font-size\">2015&nbsp; <a href=\"https:\/\/www.temps-present.fr\/ouvrage\/manifeste-des-ecologistes-atterres\/\"><em>Manifeste des \u00e9cologistes atterr\u00e9s<\/em><\/a>, with B. Joyeux, L. Schmid, Temps Pr\u00e9sent <\/p>\n\n\n\n<p class=\"has-medium-font-size\">2014&nbsp; <a href=\"https:\/\/www.cultura.com\/p-l-europe-c-est-nous-9782363831316.html\">L\u2019Europe c\u2019est nous<\/a>, with B. Joyeux, Les Petits Matins<\/p>\n\n\n\n<p class=\"has-medium-font-size\">2009&nbsp;&nbsp;<em><a href=\"https:\/\/www.fr.fnac.be\/a2535189\/Daniel-Cohn-Bendit-Pour-la-planete\">Pour la plan\u00e8te<\/a><\/em>, with D. Cohn-Bendit, &nbsp;Dalloz  <br><\/p>\n\n\n\n<h2 class=\"wp-block-heading\">Sampled articles, op-ed, tribunes, analyses, interviews&#8230;<\/h2>\n\n\n\n<p>2025\/06\/12 <a href=\"https:\/\/www.greeneuropeanjournal.eu\/what-is-green-freedom\/\">What is green freedom?<\/a>; GreenEuropeanJournal, article<\/p>\n\n\n\n<p>2025\/05\/08 <a href=\"https:\/\/www.lexpress.fr\/monde\/europe\/80-ans-apres-la-fin-de-la-guerre-trump-nous-rappelle-que-nous-ne-sommes-pas-des-occidentaux-mais-des-6C4ZBQQC5FBELMGHNCGVBWHESI\/?cmp_redirect=true\">Trump nous rappelle que nous ne sommes pas des Occidentaux. Nous sommes des Europ\u00e9ens<\/a>; <em>L&#8217;Express<\/em>, interview<\/p>\n\n\n\n<p>2024\/12\/05 <a href=\"https:\/\/www.greeneuropeanjournal.eu\/a-european-deja-vu-addressing-the-far-right-populist-insurrection\/\">A European D\u00e9j\u00e0-vu: addressing the far-right populist insurrection<\/a>; GreenEuropeanJournal, article<\/p>\n\n\n\n<p>2024\/07\/16 <a href=\"https:\/\/www.greeneuropeanjournal.eu\/harnessing-economic-competition-for-a-sustainable-europe\/\">Harnessing economic competition for a sustainable Europe;<\/a> GreenEuropeanJournal, article<\/p>\n\n\n\n<p>2024\/07\/11 <a href=\"https:\/\/www.nouvelobs.com\/tribunes\/20240711.OBS91005\/face-au-rn-quand-on-fait-barrage-l-eau-monte.html\">Face au RN: Qand on fait barrage, l&#8217;eau monte<\/a>; Le Nouvel Obs, tribune<\/p>\n\n\n\n<p>2024\/05\/07 <a href=\"https:\/\/www.greeneuropeanjournal.eu\/generation-desenchantee-les-jeunesses-europeennes-a-lheure-de-choix-davenir\/\">G\u00e9n\u00e9ration d\u00e9senchant\u00e9e? les jeunesses europ\u00e9ennes \u00e0 l&#8217;heure des choix d&#8217;avenir<\/a>; GreenEuropeanJournal, article<\/p>\n\n\n\n<p>2023\/12\/04 <a href=\"https:\/\/www.greeneuropeanjournal.eu\/from-strategic-autonomy-to-a-non-aligned-europe\/\">From strategic autonomy to a non-aligned Europe<\/a>; GreenEuropeanJournal, article<\/p>\n\n\n\n<p>2023\/06\/13 <a href=\"https:\/\/www.greeneuropeanjournal.eu\/les-mouvements-sociaux-peuvent-ils-etre-ecologistes\/\">Les mouvements sociaux peuvent-ils \u00eatre \u00e9cologistes?<\/a>; GreenEuropeanJournal; article<\/p>\n\n\n\n<p>2020\/10\/30 <a href=\"https:\/\/blogs.mediapart.fr\/edouard-gaudot\/blog\/301020\/penser-moins-pour-croire-plus-nous-sommes-tous-devenus-des-caricatures\"><em>Penser moins pour croire plus: Nous sommes tous des caricatures<\/em><\/a><em>; <\/em>M\u00e9diapart, tribune<\/p>\n\n\n\n<p>2020\/07\/28 <a href=\"https:\/\/blogs.mediapart.fr\/edouard-gaudot\/blog\/280720\/le-separatisme-cet-aveuglement\"><em>Le s\u00e9paratisme, cet aveuglement<\/em><\/a><em>; <\/em>M\u00e9diapart \u2013 tribune<\/p>\n\n\n\n<p>2020\/05\/07 <a href=\"https:\/\/lvsl.fr\/sortir-de-limpasse-europeenne-pour-une-nouvelle-theorie-du-changement\/\"><em>Sortir de l\u2019impasse europ\u00e9enne: pour une nouvelle th\u00e9orie du changement<\/em><\/a><em>; <\/em>Le Vent se L\u00e8ve \u2013 Article<\/p>\n\n\n\n<p>2020\/04\/10 <a href=\"ttps:\/\/legrandcontinent.eu\/fr\/2020\/04\/10\/gaudot-charbonnier-abondance-liberte\/\"><em>Penser une sortie vertueuse de l\u2019\u00e2ge moderne<\/em><\/a><em>; <\/em>Le Grand Continent \u2013 recension<\/p>\n\n\n\n<p>2020\/03\/25 <a href=\"https:\/\/legrandcontinent.eu\/fr\/2020\/03\/25\/sigi-maurer-verts-autriche\/\"><em>\u201cNous prenons nos responsabilit\u00e9s pour l\u2019Autriche\u201d<\/em><\/a><em>; <\/em>Le Grand Continent \u2013 Interview<\/p>\n\n\n\n<p>2020\/03\/15 <a href=\"http:\/\/heraclite.eu\/index.php\/2020\/09\/02\/lutopie-a-lage-de-lapocalypse-reflexions-sur-leurope-et-lecologie-comme-utopies-politiques\/\"><em>Utopia in an age of Apocalypse. Reflections on the politics of Europe and Ecology<\/em><\/a><em>; <\/em>In M\u00fcller (dir) <em>Scotland and Arbroath<\/em>, 1320-2020 \u2013 chapter<\/p>\n\n\n\n<p>2020\/03\/11 <a href=\"https:\/\/www.greeneuropeanjournal.eu\/chronique-future-dune-europe-verte\/\"><em>Chronique future d\u2019une Europe verte<\/em><\/a><em>\/<\/em><a href=\"https:\/\/www.greeneuropeanjournal.eu\/notes-from-a-new-europe\/\"><em>Notes from a new Europe<\/em><\/a><em>; <\/em>Green European Journal \u2013 fiction<\/p>\n\n\n\n<p>2019\/12\/23 <a href=\"https:\/\/www.europanova.eu\/actualites\/prendre-au-serieux-la-victoire-de-johnson\"><em>Prendre Johnson et le Brexit au s\u00e9rieux<\/em><\/a><em>; <\/em>EuropaNova, dossier \u201cWhat does Brexit mean?\u201d &#8211; analyse<\/p>\n\n\n\n<p>2019\/11\/14 <a href=\"https:\/\/legrandcontinent.eu\/fr\/2019\/11\/14\/la-pensee-francaise-a-lepreuve-de-leurope\/\"><em>La pens\u00e9e fran\u00e7aise \u00e0 l\u2019\u00e9preuve de l\u2019Europe<\/em><\/a><em>; <\/em>Le Grand Continent &#8211; Review<\/p>\n\n\n\n<p>2019\/11\/13 <a href=\"https:\/\/www.greeneuropeanjournal.eu\/the-european-republic-on-the-world-stage\/\"><em>The European Republic on the world stage<\/em><\/a><em>\/<\/em><a href=\"https:\/\/www.greeneuropeanjournal.eu\/la-republique-europeenne-sur-la-scene-du-monde\/\"><em>La R\u00e9publique europ\u00e9enne sur la sc\u00e8ne mondiale<\/em><\/a><em>; <\/em>Green European Journal &#8211; Fiction<\/p>\n\n\n\n<p>2019\/09\/01 <a href=\"https:\/\/esprit.presse.fr\/article\/edouard-gaudot\/une-nouvelle-maree-verte-42267\"><em>Une nouvelle mar\u00e9e verte?<\/em><\/a><em>; <\/em>Esprit &#8211; Analyse<\/p>\n\n\n\n<p>2019\/07\/09 <a href=\"https:\/\/blogs.mediapart.fr\/edouard-gaudot\/blog\/090719\/l-urgence-de-faire-face-au-dereglement-democratique\"><em>L\u2019urgence de faire face au d\u00e9r\u00e8glement d\u00e9mocratique<\/em><\/a><em>; <\/em>M\u00e9diapart &#8211; op-ed<\/p>\n\n\n\n<p>2019\/05\/14<a href=\"https:\/\/legrandcontinent.eu\/fr\/2019\/05\/14\/la-double-impasse-europeenne\"><em>Europe, la double impasse<\/em><\/a><em>\/<\/em><a href=\"https:\/\/www.greeneuropeanjournal.eu\/breaking-europes-double-deadlock\/\"><em>Breaking Europe\u2019s double deadlock<\/em><\/a><em>; <\/em>Le Grand Continent \u2013 Article<\/p>\n\n\n\n<p>2019\/03\/01 <a href=\"https:\/\/esprit.presse.fr\/article\/edouard-gaudot\/europe-ecologie-41972\"><em>Europe, Ecologie ?<\/em><\/a><em>; <\/em>Esprit \u2013 Analyse<\/p>\n\n\n\n<p>2018\/11\/14 <a href=\"https:\/\/www.liberation.fr\/debats\/2018\/09\/14\/pauvrete-la-grande-illusion-des-filieres-professionnelles_1678665\"><em>Pauvret\u00e9, la grande illusion des fili\u00e8res pro.<\/em><\/a><em>; <\/em>Lib\u00e9ration \u2013 op-ed<\/p>\n\n\n\n<p>2018\/10\/26 <a href=\"https:\/\/www.liberation.fr\/debats\/2018\/10\/26\/professeur-braque-a-creteil-meritocratie-republicaine-avis-de-deces_1688027\"><em>M\u00e9ritocratie, avis de d\u00e9c\u00e8s<\/em><\/a><em>; <\/em>Lib\u00e9ration \u2013 op-ed<\/p>\n\n\n\n<p>2018\/07\/09 <a href=\"https:\/\/lvsl.fr\/le-destin-de-leurope-se-joue-en-mediterranee-penser-leurope-a-laide-de-lessai-divan-krastev\/\"><em>Le destin de l\u2019Europe se joue en m\u00e9diterrann\u00e9e<\/em><\/a><em>; <\/em>Le Vent se l\u00e8ve \u2013 Analyse<\/p>\n\n\n\n<p>2018\/07\/05 <a href=\"https:\/\/www.greeneuropeanjournal.eu\/a-narrative-to-combat-and-eliminate-the-terrorist-threat\/\"><em>A narrative to combat and eliminate the terrorist threat<\/em><\/a><em>; <\/em>Green European Journal \u2013 Article<\/p>\n\n\n\n<p>2018\/06\/29 <a href=\"https:\/\/www.greeneuropeanjournal.eu\/after-europe-thinking-about-europe-with-the-help-of-ivan-krastev\/\"><em>\u201cAfter Europe\u201d<\/em><\/a><em>; <\/em>Green European Journal \u2013 Analyse<\/p>\n\n\n\n<p>2017\/11\/30 <a href=\"https:\/\/www.greeneuropeanjournal.eu\/cities-to-the-rescue\/\"><em>Cities to the rescue<\/em><\/a><em>\/<\/em><a href=\"https:\/\/www.greeneuropeanjournal.eu\/les-villes-au-secours-des-refugies\/\"><em>Les Villes au Secours des R\u00e9fugi\u00e9s<\/em><\/a><em>; <\/em>Green European Journal &#8211; Interview<\/p>\n\n\n\n<p>2017\/11\/01 <a href=\"https:\/\/www.bondyblog.fr\/politique\/le-plan-etudiants-ou-lobsolescence-programmee-de-la-jeunesse\/\"><em>L\u2019obsolescence programm\u00e9e de la jeunesse<\/em><\/a><em>; <\/em>BondyBlog &#8211; op-ed<\/p>\n\n\n\n<p>2017\/05\/04 <a href=\"https:\/\/www.huffingtonpost.fr\/entry\/union-europeenne-macron-le-pen_fr_5c932489e4b00fd5a6ed3cd5\"><em>Le 7 mai votons pour continuer \u00e0 se battre pour l\u2019Europe que nous voulons<\/em><\/a><em>; <\/em>Huffington Post \u2013 Tribune<\/p>\n\n\n\n<p>&#8230;&#8230;<\/p>\n\n\n\n<p><\/p>\n","protected":false},"excerpt":{"rendered":"<p>2022 Les Sept Piliers de la Cit\u00e9 , Plon 2020 &nbsp; Dessine-moi un avenir,&nbsp;with R. Aenas, N. Laville,&nbsp;Actes Sud 2015&nbsp;&hellip; <a class=\"read-more\" href=\"https:\/\/heraclite.eu\/index.php\/publications\/\">Continue Reading<\/a><\/p>\n","protected":false},"author":1,"featured_media":0,"parent":0,"menu_order":0,"comment_status":"closed","ping_status":"closed","template":"","meta":{"footnotes":""},"class_list":["post-275","page","type-page","status-publish","hentry"],"_links":{"self":[{"href":"https:\/\/heraclite.eu\/index.php\/wp-json\/wp\/v2\/pages\/275"}],"collection":[{"href":"https:\/\/heraclite.eu\/index.php\/wp-json\/wp\/v2\/pages"}],"about":[{"href":"https:\/\/heraclite.eu\/index.php\/wp-json\/wp\/v2\/types\/page"}],"author":[{"embeddable":true,"href":"https:\/\/heraclite.eu\/index.php\/wp-json\/wp\/v2\/users\/1"}],"replies":[{"embeddable":true,"href":"https:\/\/heraclite.eu\/index.php\/wp-json\/wp\/v2\/comments?post=275"}],"version-history":[{"count":13,"href":"https:\/\/heraclite.eu\/index.php\/wp-json\/wp\/v2\/pages\/275\/revisions"}],"predecessor-version":[{"id":552,"href":"https:\/\/heraclite.eu\/index.php\/wp-json\/wp\/v2\/pages\/275\/revisions\/552"}],"wp:attachment":[{"href":"https:\/\/heraclite.eu\/index.php\/wp-json\/wp\/v2\/media?parent=275"}],"curies":[{"name":"wp","href":"https:\/\/api.w.org\/{rel}","templated":true}]}}