{"id":376,"date":"2024-10-30T22:59:22","date_gmt":"2024-10-30T21:59:22","guid":{"rendered":"https:\/\/heraclite.eu\/?page_id=376"},"modified":"2024-10-31T12:32:10","modified_gmt":"2024-10-31T11:32:10","slug":"what-do-eu-mean","status":"publish","type":"page","link":"https:\/\/heraclite.eu\/index.php\/services\/what-do-eu-mean\/","title":{"rendered":"What do &#8220;EU&#8221; mean? (\ud83c\uddec\ud83c\udde7)"},"content":{"rendered":"\n<h2 class=\"wp-block-heading\"><strong><em>Providing content for political communication<\/em><\/strong><\/h2>\n\n\n\n<p class=\"has-text-align-left\" style=\"font-size:20px\">In a public sphere saturated of notifications and solicitations, <br><strong>you need your political message to be strong on substance<\/strong>, not just form.<\/p>\n\n\n\n<p class=\"has-text-align-left has-medium-font-size\">You want every publication <strong>to pave your way forward<\/strong><\/p>\n\n\n\n<ul class=\"wp-block-list\">\n<li class=\"has-medium-font-size\">to become a trusted voice in the public discussion,<\/li>\n\n\n\n<li class=\"has-medium-font-size\">to be the reference on your fields of expertise,<\/li>\n\n\n\n<li class=\"has-medium-font-size\">to offer a leading political perspective<\/li>\n<\/ul>\n\n\n\n<p class=\"has-text-align-center\" style=\"font-size:30px\">What our citizens need most is <strong>a sense of purpose<\/strong>, <br>the political tools <strong>to make sense<\/strong> of our troubled times.<\/p>\n\n\n\n<p class=\"has-medium-font-size\">Every message you publish, whether on your newsletter, blog, or elsewhere, must go <strong>beyond the simple report<\/strong> on your activities. It has to shape the political debate and give meaning to the events.<\/p>\n\n\n\n<p class=\"has-medium-font-size\">Whether you need a <strong>ghostwriter for a book<\/strong> or <strong>weekly communication pieces<\/strong>, our <strong>tailored copywriting service<\/strong> team is dedicated to crafting messages that reflect your unique vision and values.<\/p>\n\n\n\n<p class=\"has-text-align-center has-medium-font-size\"><strong>\u201cWhat do EU mean?\u201d<\/strong> produce texts to feed your political communication <br>with impactful written contents.<\/p>\n\n\n\n<h2 class=\"wp-block-heading\"><strong>The choice is yours<\/strong><\/h2>\n\n\n\n<p class=\"has-medium-font-size\">A short piece a week or a monthly long-read?<br>Addressing your constituents, your party-members or the European bubble?<br>How much do you want to say? And how frequently?<\/p>\n\n\n\n<p class=\"has-medium-font-size\">These are the questions we will discuss to assess your objectives.<\/p>\n\n\n\n<p class=\"has-text-align-center has-medium-font-size\"><strong>Offer tailored to your needs<\/strong><br><strong>Rates in accordance with both frequency and length<\/strong><\/p>\n\n\n\n<figure class=\"wp-block-table is-style-stripes\"><table class=\"has-black-color has-cyan-bluish-gray-background-color has-text-color has-background has-link-color has-fixed-layout\"><tbody><tr><td><strong>Type<\/strong><\/td><td><strong>Name<\/strong><\/td><td><strong>Size (in words)<\/strong><\/td><td><strong>Frequency<\/strong><\/td><td><strong>Standard rate (\u20ac)<\/strong><\/td><\/tr><tr><td><strong>Book<\/strong><strong><\/strong><\/td><td><strong>Ghostwriter<\/strong><strong><\/strong><\/td><td>25000 to 50000<\/td><td>Once<\/td><td>8000 to 10000<\/td><\/tr><tr><td><strong>Brochure<\/strong><strong><\/strong><\/td><td><strong>Penholder<\/strong><strong><\/strong><\/td><td>2000<\/td><td>Once<\/td><td>4000<\/td><\/tr><tr><td rowspan=\"4\"><strong>Communication material<\/strong><strong><\/strong><\/td><td><strong>Momentum<\/strong><strong><\/strong><\/td><td>300<\/td><td>Weekly (4 texts)<\/td><td>3000\/m<\/td><\/tr><tr><td><strong>Deep impact<\/strong><strong><\/strong><\/td><td>600<\/td><td>Biweekly (2 texts)<\/td><td>2000\/m<\/td><\/tr><tr><td><strong>Sowing the future<\/strong><\/td><td>800<\/td><td>Monthly (1 text)<\/td><td>1250\/m<\/td><\/tr><tr><td><strong>Daily needs<\/strong><\/td><td>TBD<\/td><td>TBD<\/td><td>900\/d<\/td><\/tr><\/tbody><\/table><\/figure>\n\n\n\n<p class=\"has-text-align-center has-medium-font-size\"><strong><u>Details of the offers:<\/u><\/strong><\/p>\n\n\n\n<ul class=\"wp-block-list\">\n<li class=\"has-medium-font-size\"><strong>Ghostwriter<\/strong>: &nbsp; Through regular interviews, we determine the issue, the perspective and the purpose of the book. Then we shape together your thoughts on the matter. You receive a first draft to review, and with the necessary adjustments, we finalise the manuscript.<br><em>The rate is a lumpsum, without potential expenses.<br>Final prices depend on the method, the timeframe and the size of the book.<\/em><\/li>\n\n\n\n<li class=\"has-medium-font-size\"><strong>Penholder<\/strong>: &nbsp;&nbsp;&nbsp;&nbsp; Through two interviews, we determine the issue, the purpose and the format of the publication you need. Then we shape your thoughts on the matter. You receive a first draft to review, and with the necessary adjustments, we finalise the manuscript.<br><em>The rate is a lumpsum, without potential expenses.<\/em><\/li>\n<\/ul>\n\n\n\n<p><\/p>\n\n\n\n<ul class=\"wp-block-list\">\n<li class=\"has-medium-font-size\"><strong>Momentum:&nbsp;&nbsp; <\/strong>We establish the tone, target group(s), channel and range of issues to be addressed. Each week a short text is drafted, on a given day. You review the proposal and after two exchanges maximum, a final version is available to be uploaded on your preferred channel of communication.<\/li>\n\n\n\n<li class=\"has-medium-font-size\"><strong>Deep Impact:<\/strong> It follows the same procedure as <strong>Momentum<\/strong>, but every second week, with a slightly longer text.<\/li>\n\n\n\n<li class=\"has-medium-font-size\"><strong>Sowing the future:<\/strong> It follows the same procedure as <strong>Momentum<\/strong>, but every month with a longer text.<\/li>\n<\/ul>\n\n\n\n<p class=\"has-medium-font-size\"><em>For these three offers, it is recommended to start with a minimum contract of 3 months to ensure continuity and consistency.<\/em><\/p>\n\n\n\n<ul class=\"wp-block-list\">\n<li class=\"has-medium-font-size\"><strong>Daily needs: <\/strong>&nbsp; None of these offers respond to your copywriting needs? Let\u2019s talk.<\/li>\n<\/ul>\n\n\n\n<hr class=\"wp-block-separator has-alpha-channel-opacity\"\/>\n\n\n\n<h1 class=\"wp-block-heading\">Que dire ? (\ud83c\uddeb\ud83c\uddf7)<\/h1>\n\n\n\n<h2 class=\"wp-block-heading\"><strong><em>Fournisseur de contenu politique pour la communication<\/em><\/strong><\/h2>\n\n\n\n<p class=\"has-text-align-center has-medium-font-size\">Dans un espace public <strong>satur\u00e9 par les sollicitations et les notifications<\/strong>, <br>votre message politique doit \u00eatre <strong>fort sur le fond<\/strong>, pas seulement sur la forme.<\/p>\n\n\n\n<p class=\"has-medium-font-size\">Chaque publication doit \u00eatre un signal, un phare qui \u00e9claire le chemin et nous oriente.<\/p>\n\n\n\n<ul class=\"wp-block-list\">\n<li class=\"has-medium-font-size\">Pour que votre voix p\u00e8se dans le d\u00e9bat,<\/li>\n\n\n\n<li class=\"has-medium-font-size\">Pour devenir une r\u00e9f\u00e9rence dans votre domaine,<\/li>\n\n\n\n<li class=\"has-medium-font-size\">Pour apporter vision et leadership<\/li>\n<\/ul>\n\n\n\n<p class=\"has-text-align-center\" style=\"font-size:30px\">Car ce que les citoyens exigent aujourd\u2019hui, <strong>c\u2019est du sens<\/strong>.<br>Ils ont besoin qu\u2019on leur propose <strong>les outils politiques<\/strong><br><strong>pour comprendre<\/strong> ce monde complexe et incertain.<\/p>\n\n\n\n<p class=\"has-medium-font-size\">Chaque message, chaque \u00e9dito, que ce soit sur votre bulletin, votre blog, ou ailleurs, doit aller plus loin qu\u2019un simple rapport sur vos activit\u00e9s. <strong>Il doit orienter le d\u00e9bat public<\/strong> et donner sens aux \u00e9v\u00e9nements.<\/p>\n\n\n\n<p class=\"has-medium-font-size\"><strong>Nos services de r\u00e9daction sur mesure<\/strong> vous proposent des contenus qui mettent en valeur votre vision du monde et d\u00e9veloppent la coh\u00e9rence de votre action.<\/p>\n\n\n\n<p class=\"has-medium-font-size\">Que vous ayez besoin <strong>d\u2019une plume<\/strong> <strong>pour \u00e9crire un livre<\/strong>, ou produire <strong>du mat\u00e9riel de communication<\/strong>, notre \u00e9quipe est \u00e0 votre service pour concevoir les messages qui traduisent l\u2019originalit\u00e9 de votre action et la coh\u00e9rence de votre pens\u00e9e.<\/p>\n\n\n\n<p class=\"has-medium-font-size\"><strong>\u201cQue Dire&nbsp;?\u201d<\/strong> vous fournit des textes pour alimenter votre communication politiqueavec des contenus \u00e9crits de qualit\u00e9. <\/p>\n\n\n\n<h2 class=\"wp-block-heading\">A vous de choisir<\/h2>\n\n\n\n<p class=\"has-text-align-center has-medium-font-size\">Un texte court toutes les semaines ou un long article mensuel&nbsp;?<br>Un message pour vos \u00e9lecteurs, aux membres du parti&nbsp;?<br>Une r\u00e9flexion pour le grand public, pour la bulle europ\u00e9enne&nbsp;?<\/p>\n\n\n\n<p class=\"has-text-align-center has-medium-font-size\">Autant de questions que nous examinerons ensemble pour \u00e9valuer vos objectifs.<\/p>\n\n\n\n<p class=\"has-text-align-center has-medium-font-size\"><strong>Une offre adapt\u00e9e \u00e0 vos besoins<\/strong><br><strong>Prix variant en fonction de la fr\u00e9quence et de la longueur<\/strong><\/p>\n\n\n\n<figure class=\"wp-block-table is-style-stripes\"><table class=\"has-black-color has-cyan-bluish-gray-background-color has-text-color has-background has-link-color has-fixed-layout\"><tbody><tr><td><strong>Type<\/strong><\/td><td><strong>Nom<\/strong><\/td><td><strong>Taille (mots)<\/strong><\/td><td><strong>Fr\u00e9quence<\/strong><\/td><td><strong>Prix (\u20ac)<\/strong><\/td><\/tr><tr><td><strong>Livre<\/strong><\/td><td><strong>Plume<\/strong><\/td><td>25000 to 50000<\/td><td>Une fois<\/td><td>8000 to 10000<\/td><\/tr><tr><td><strong>Brochure<\/strong><\/td><td><strong>R\u00e9dacteur<\/strong><\/td><td>2000<\/td><td>Une fois<\/td><td>4000<\/td><\/tr><tr><td rowspan=\"4\"><strong>Mat\u00e9riel de communication<\/strong><\/td><td><strong>Dynamiseur<\/strong><\/td><td>300<\/td><td>Hebdomadaire (4 textes)<\/td><td>3000\/m<\/td><\/tr><tr><td><strong>Marqueur<\/strong><\/td><td>600<\/td><td>Bimensuel (2 textes)<\/td><td>2000\/m<\/td><\/tr><tr><td><strong>Semeur<\/strong><\/td><td>800<\/td><td>Mensuel (1 texte)<\/td><td>1250\/m<\/td><\/tr><tr><td><strong>Quotidien<\/strong><\/td><td>\u00e0 discuter<\/td><td>\u00e0 discuter<\/td><td>900\/j<\/td><\/tr><\/tbody><\/table><\/figure>\n\n\n\n<p class=\"has-medium-font-size\"><strong><u>D\u00e9tails des offres :<\/u><\/strong><\/p>\n\n\n\n<ul class=\"wp-block-list\">\n<li class=\"has-medium-font-size\"><strong>Plume <\/strong>: &nbsp;&nbsp;&nbsp;&nbsp;&nbsp;&nbsp;&nbsp;&nbsp;&nbsp; A travers des entretiens nous d\u00e9terminons ensemble le sujet, la perspective et les objectifs du livre. Puis nous mettons en ordre et en forme vos id\u00e9es sur le sujet. Vous recevez un premier projet \u00e0 r\u00e9viser, et apr\u00e8s les ajustements n\u00e9cessaires, nous finalisons le manuscrit.<br><em>Le prix est forfaitaire, et n\u2019inclut pas les frais \u00e9ventuels.<br>Le prix final d\u00e9pend de la m\u00e9thode choisie, du calendrier et de la taille du livre.<\/em><\/li>\n<\/ul>\n\n\n\n<ul class=\"wp-block-list\">\n<li class=\"has-medium-font-size\"><strong>R\u00e9dacteur <\/strong>: &nbsp;&nbsp; A travers deux entretiens, nous d\u00e9terminons le sujet, l\u2019objectif et le format de la publication envisag\u00e9e. Vous recevez un premier projet \u00e0 reviser, puis avec les ajustements n\u00e9cessaires, nous finalisons le manuscrit.<br><em>Le prix est forfaitaire, et n\u2019inclut pas les frais \u00e9ventuels<\/em>.<\/li>\n<\/ul>\n\n\n\n<ul class=\"wp-block-list\">\n<li class=\"has-medium-font-size\"><strong>Dynamiseur : <\/strong>Nous d\u00e9terminons ensemble le ton, le groupe-cible, le support et le champ des sujets \u00e0 traiter. Chaque texte court est produit \u00e0 un jour pr\u00e9cis de la semaine. Vous r\u00e9visez la proposition et apr\u00e8s deux \u00e9changes, une version finale est disponible pour \u00eatre publi\u00e9e sur vos canaux de communication habituels.<\/li>\n\n\n\n<li class=\"has-medium-font-size\"><strong>Marqueur :<\/strong>&nbsp;&nbsp; C\u2019est la m\u00eame proc\u00e9dure que <strong>Dynamiseur<\/strong>, mais toutes les deux semaines avec un texte un peu plus long.<\/li>\n\n\n\n<li class=\"has-medium-font-size\"><strong>Semeur :<\/strong>&nbsp;&nbsp;&nbsp;&nbsp;&nbsp;&nbsp;&nbsp; M\u00eame proc\u00e9dure que <strong>Dynamiseur<\/strong>, mais tous les mois, avec un texte encore plus long.<\/li>\n<\/ul>\n\n\n\n<p><em>Pour ces 3 offres, il est recommand\u00e9 de commencer avec un contrat sur 3 mois, pour assurer continuit\u00e9, coh\u00e9rence et impact<\/em>.<\/p>\n\n\n\n<ul class=\"wp-block-list has-medium-font-size\">\n<li><strong>Quotidien : <\/strong>&nbsp;&nbsp; Aucune de ces offres ne correspond \u00e0 vos besoins ? Parlons-en.<\/li>\n<\/ul>\n","protected":false},"excerpt":{"rendered":"<p>Providing content for political communication In a public sphere saturated of notifications and solicitations, you need your political message to&hellip; <a class=\"read-more\" href=\"https:\/\/heraclite.eu\/index.php\/services\/what-do-eu-mean\/\">Continue Reading<\/a><\/p>\n","protected":false},"author":1,"featured_media":0,"parent":182,"menu_order":0,"comment_status":"closed","ping_status":"closed","template":"","meta":{"footnotes":""},"class_list":["post-376","page","type-page","status-publish","hentry"],"_links":{"self":[{"href":"https:\/\/heraclite.eu\/index.php\/wp-json\/wp\/v2\/pages\/376"}],"collection":[{"href":"https:\/\/heraclite.eu\/index.php\/wp-json\/wp\/v2\/pages"}],"about":[{"href":"https:\/\/heraclite.eu\/index.php\/wp-json\/wp\/v2\/types\/page"}],"author":[{"embeddable":true,"href":"https:\/\/heraclite.eu\/index.php\/wp-json\/wp\/v2\/users\/1"}],"replies":[{"embeddable":true,"href":"https:\/\/heraclite.eu\/index.php\/wp-json\/wp\/v2\/comments?post=376"}],"version-history":[{"count":13,"href":"https:\/\/heraclite.eu\/index.php\/wp-json\/wp\/v2\/pages\/376\/revisions"}],"predecessor-version":[{"id":403,"href":"https:\/\/heraclite.eu\/index.php\/wp-json\/wp\/v2\/pages\/376\/revisions\/403"}],"up":[{"embeddable":true,"href":"https:\/\/heraclite.eu\/index.php\/wp-json\/wp\/v2\/pages\/182"}],"wp:attachment":[{"href":"https:\/\/heraclite.eu\/index.php\/wp-json\/wp\/v2\/media?parent=376"}],"curies":[{"name":"wp","href":"https:\/\/api.w.org\/{rel}","templated":true}]}}