{"id":61,"date":"2019-09-14T18:23:36","date_gmt":"2019-09-14T16:23:36","guid":{"rendered":"http:\/\/heraclite.eu\/?page_id=61"},"modified":"2024-10-26T13:48:16","modified_gmt":"2024-10-26T11:48:16","slug":"influence","status":"publish","type":"page","link":"https:\/\/heraclite.eu\/index.php\/influence\/","title":{"rendered":"Influence"},"content":{"rendered":"\n<blockquote class=\"wp-block-quote is-style-large is-layout-flow wp-block-quote-is-layout-flow\">\n<figure class=\"wp-block-image size-large\"><img loading=\"lazy\" decoding=\"async\" width=\"200\" height=\"200\" src=\"https:\/\/heraclite.eu\/wp-content\/uploads\/2024\/10\/greta-thunberg-parlement-europeen-e1729943166799-edited.jpg\" alt=\"\" class=\"wp-image-341\" srcset=\"https:\/\/heraclite.eu\/wp-content\/uploads\/2024\/10\/greta-thunberg-parlement-europeen-e1729943166799-edited.jpg 200w, https:\/\/heraclite.eu\/wp-content\/uploads\/2024\/10\/greta-thunberg-parlement-europeen-e1729943166799-edited-150x150.jpg 150w\" sizes=\"(max-width: 200px) 100vw, 200px\" \/><\/figure>\n<\/blockquote>\n\n\n\n<figure class=\"wp-block-table aligncenter is-style-stripes\"><table class=\"has-background\" style=\"background-color:#e7f5fe\"><tbody><tr><td>\ud83c\uddeb\ud83c\uddf7<br>vos projets, votre activit\u00e9, votre institution ont besoin de partenaires ou de soutiens \u00e0 l&#8217;\u00e9chelle europ\u00e9enne?<br><\/td><td>\ud83c\uddec\ud83c\udde7<br>your projects, your industry, your institution need partners and supporters at European level?<br><\/td><\/tr><tr><td><strong>Heraklite Conseil <\/strong><\/td><td><\/td><\/tr><tr><td>&#8211; vous guide \u00e0 travers la &#8220;Bulle&#8221; europ\u00e9enne<br>&#8211; vous met en contact avec les personnes et les institutions pertinentes <br>&#8211; vous aide \u00e0 d\u00e9finir une strat\u00e9gie d&#8217;influence politique au niveau europ\u00e9en<br><\/td><td>&#8211; guides you through the European &#8220;Bubble&#8221;<br>&#8211; takes you to find, meet and partner with the relevant people and institutions<br>&#8211; helps you design a strategy to exert political influence at European level<\/td><\/tr><tr><td><strong>Heraklite Conseil <\/strong><\/td><td><\/td><\/tr><tr><td>vous propose<\/td><td>offers<\/td><\/tr><\/tbody><\/table><\/figure>\n\n\n\n<p><\/p>\n\n\n\n<figure class=\"wp-block-table is-style-stripes\"><table><tbody><tr><td>&gt; notes de veille<br>&gt; recommendation d&#8217;action<br>&gt; networking<\/td><td>&gt; monitoring briefing<br>&gt; action plan <br>&gt; networking<\/td><\/tr><tr><td><\/td><td><\/td><\/tr><\/tbody><\/table><\/figure>\n","protected":false},"excerpt":{"rendered":"<p>\ud83c\uddeb\ud83c\uddf7vos projets, votre activit\u00e9, votre institution ont besoin de partenaires ou de soutiens \u00e0 l&#8217;\u00e9chelle europ\u00e9enne? \ud83c\uddec\ud83c\udde7your projects, your industry,&hellip; <a class=\"read-more\" href=\"https:\/\/heraclite.eu\/index.php\/influence\/\">Continue Reading<\/a><\/p>\n","protected":false},"author":1,"featured_media":0,"parent":0,"menu_order":0,"comment_status":"closed","ping_status":"closed","template":"","meta":{"footnotes":""},"class_list":["post-61","page","type-page","status-publish","hentry"],"_links":{"self":[{"href":"https:\/\/heraclite.eu\/index.php\/wp-json\/wp\/v2\/pages\/61"}],"collection":[{"href":"https:\/\/heraclite.eu\/index.php\/wp-json\/wp\/v2\/pages"}],"about":[{"href":"https:\/\/heraclite.eu\/index.php\/wp-json\/wp\/v2\/types\/page"}],"author":[{"embeddable":true,"href":"https:\/\/heraclite.eu\/index.php\/wp-json\/wp\/v2\/users\/1"}],"replies":[{"embeddable":true,"href":"https:\/\/heraclite.eu\/index.php\/wp-json\/wp\/v2\/comments?post=61"}],"version-history":[{"count":10,"href":"https:\/\/heraclite.eu\/index.php\/wp-json\/wp\/v2\/pages\/61\/revisions"}],"predecessor-version":[{"id":342,"href":"https:\/\/heraclite.eu\/index.php\/wp-json\/wp\/v2\/pages\/61\/revisions\/342"}],"wp:attachment":[{"href":"https:\/\/heraclite.eu\/index.php\/wp-json\/wp\/v2\/media?parent=61"}],"curies":[{"name":"wp","href":"https:\/\/api.w.org\/{rel}","templated":true}]}}