{"id":65,"date":"2019-09-14T19:03:07","date_gmt":"2019-09-14T17:03:07","guid":{"rendered":"http:\/\/heraclite.eu\/?page_id=65"},"modified":"2024-09-20T13:50:01","modified_gmt":"2024-09-20T11:50:01","slug":"strategy","status":"publish","type":"page","link":"https:\/\/heraclite.eu\/index.php\/strategy\/","title":{"rendered":"Strategy"},"content":{"rendered":"\n<blockquote class=\"wp-block-quote has-text-align-right is-style-default is-layout-flow wp-block-quote-is-layout-flow\">\n<p>we cannot see past the choices we don&#8217;t understand<\/p>\n<cite>the Oracle in &#8220;Matrix reloaded&#8221;<\/cite><\/blockquote>\n\n\n\n<figure class=\"wp-block-table is-style-stripes\"><table class=\"has-background\" style=\"background-color:#fcf0ef\"><tbody><tr><td>\ud83c\uddeb\ud83c\uddf7<br><strong><em>la seule chose permanente, c&#8217;est le changement<\/em><\/strong>.<br><br>Dans un monde en perp\u00e9tuelle mutation, d\u00e9chiffrer et comprendre les enjeux et les dynamiques \u00e0 l&#8217;oeuvre est crucial pour prendre des d\u00e9cisions \u00e9clair\u00e9es et faire des choix assum\u00e9s<\/td><td><strong><em>\ud83c\uddec\ud83c\udde7<\/em><\/strong><br><strong><em>change is the only permanent thing<\/em><\/strong><br><br>In this ever renewed world, constantly transforming, it is vital to decipher and understand the stakes and trends in order to take reasoned decisions and make enlightened choices<\/td><\/tr><tr><td><strong>Heraklite Conseil<\/strong><\/td><td><\/td><\/tr><tr><td>vous aide \u00e0 lire et comprendre les tendances et le jeux des acteurs politiques et institutionnels, les rapports de force et leurs \u00e9volutions, et vous propose:<\/td><td>provides you with analysis and elements for understanding the trends, the power games and their evolutions, through:<\/td><\/tr><\/tbody><\/table><\/figure>\n\n\n\n<figure class=\"wp-block-table is-style-stripes\"><table class=\"has-background\" style=\"background-color:#f3f4f5\"><tbody><tr><td>&gt; note de veille politique<br>&gt; analyses r\u00e9gionales ou nationale<\/td><td>&gt; political briefings<br>&gt; country or region analysis<\/td><\/tr><tr><td><\/td><td><\/td><\/tr><\/tbody><\/table><\/figure>\n","protected":false},"excerpt":{"rendered":"<p>we cannot see past the choices we don&#8217;t understand the Oracle in &#8220;Matrix reloaded&#8221; \ud83c\uddeb\ud83c\uddf7la seule chose permanente, c&#8217;est le&hellip; <a class=\"read-more\" href=\"https:\/\/heraclite.eu\/index.php\/strategy\/\">Continue Reading<\/a><\/p>\n","protected":false},"author":1,"featured_media":244,"parent":0,"menu_order":0,"comment_status":"closed","ping_status":"closed","template":"","meta":{"footnotes":""},"class_list":["post-65","page","type-page","status-publish","has-post-thumbnail","hentry"],"_links":{"self":[{"href":"https:\/\/heraclite.eu\/index.php\/wp-json\/wp\/v2\/pages\/65"}],"collection":[{"href":"https:\/\/heraclite.eu\/index.php\/wp-json\/wp\/v2\/pages"}],"about":[{"href":"https:\/\/heraclite.eu\/index.php\/wp-json\/wp\/v2\/types\/page"}],"author":[{"embeddable":true,"href":"https:\/\/heraclite.eu\/index.php\/wp-json\/wp\/v2\/users\/1"}],"replies":[{"embeddable":true,"href":"https:\/\/heraclite.eu\/index.php\/wp-json\/wp\/v2\/comments?post=65"}],"version-history":[{"count":6,"href":"https:\/\/heraclite.eu\/index.php\/wp-json\/wp\/v2\/pages\/65\/revisions"}],"predecessor-version":[{"id":245,"href":"https:\/\/heraclite.eu\/index.php\/wp-json\/wp\/v2\/pages\/65\/revisions\/245"}],"wp:featuredmedia":[{"embeddable":true,"href":"https:\/\/heraclite.eu\/index.php\/wp-json\/wp\/v2\/media\/244"}],"wp:attachment":[{"href":"https:\/\/heraclite.eu\/index.php\/wp-json\/wp\/v2\/media?parent=65"}],"curies":[{"name":"wp","href":"https:\/\/api.w.org\/{rel}","templated":true}]}}