{"id":69,"date":"2019-09-14T19:58:14","date_gmt":"2019-09-14T17:58:14","guid":{"rendered":"http:\/\/heraclite.eu\/?page_id=69"},"modified":"2024-10-26T13:21:48","modified_gmt":"2024-10-26T11:21:48","slug":"formations-training","status":"publish","type":"page","link":"https:\/\/heraclite.eu\/index.php\/formations-training\/","title":{"rendered":"Formation-Training"},"content":{"rendered":"\n<blockquote class=\"wp-block-quote is-layout-flow wp-block-quote-is-layout-flow\">\n<p><\/p>\n<\/blockquote>\n\n\n\n<figure class=\"wp-block-table is-style-stripes\"><table class=\"has-background has-fixed-layout\" style=\"background-color:#e9fbe5\"><tbody><tr><td>\ud83c\uddeb\ud83c\uddf7 <br>L&#8217;Europe est une construction politique vivante. <br>Elle est faite pour que ses citoyens la vivent et s&#8217;en servent. <br>Elle est un espace d&#8217;exercice de la d\u00e9mocratie.<br><br><br>C&#8217;est pourquoi,<\/td><td>\ud83c\uddec\ud83c\udde7 <br>Europe is a living political entity. <br>It is meant to be experienced and to serve its citizens. <br><br>Europe is another dimension to exercise our democratic rights.<br>Consequently,<\/td><\/tr><tr><td><strong>Heraklite Conseil<\/strong>:<\/td><td><\/td><\/tr><tr><td><strong>forme des acteurs:<\/strong> \u00e0 comprendre les processus et les dynamiques politiques europ\u00e9ennes, pour faciliter l&#8217;intervention et la participation \u00e0 la prise de d\u00e9cision<br><br>et <strong>forme des citoyens:<\/strong> pour retirer les affaires europ\u00e9ennes au monopole du couple &#8220;technocrates&amp;populistes&#8221;, et le rendre aux citoyens et \u00e0 leurs mobilisations.<\/td><td><strong>trains players:<\/strong> to understand the processes and mechanisms of the European machinery and enable interventions and partaking to decision-making;<br><br>and <strong>trains citizens:<\/strong>  to claim back the European issues from the monopoly of the infamous  couple &#8220;technocrats&amp;populists&#8221; in order to empower fully the  European citizens and give more reach to their mobilisations.<\/td><\/tr><\/tbody><\/table><\/figure>\n\n\n\n<figure class=\"wp-block-table is-style-stripes\"><table class=\"has-background\" style=\"background-color:#f3f4f5\"><tbody><tr><td>> s\u00e9minaires d&#8217;entreprise<br>> modules p\u00e9dagogiques pour grandes \u00e9coles<br>> ateliers en lyc\u00e9es<br>> conf\u00e9rences<br>> <a aria-label=\"d\u00e9bats d\u00e9lib\u00e9ratifs  (s\u2019ouvre dans un nouvel onglet)\" href=\"https:\/\/www.europanova.eu\/debats-deliberatifs-en-europe\" target=\"_blank\" rel=\"noreferrer noopener\">d\u00e9bats d\u00e9lib\u00e9ratifs<\/a><\/td><td>> company training<br>> college teaching seminars<br>> high school workshops <br>> conferences<br>> <a aria-label=\"deliberative discussions (s\u2019ouvre dans un nouvel onglet)\" href=\"https:\/\/www.europanova.eu\/debats-deliberatifs-en-europe\" target=\"_blank\" rel=\"noreferrer noopener\">deliberative discussions<\/a><\/td><\/tr><tr><td><\/td><td><\/td><\/tr><\/tbody><\/table><\/figure>\n","protected":false},"excerpt":{"rendered":"<p>\ud83c\uddeb\ud83c\uddf7 L&#8217;Europe est une construction politique vivante. Elle est faite pour que ses citoyens la vivent et s&#8217;en servent. Elle&hellip; <a class=\"read-more\" href=\"https:\/\/heraclite.eu\/index.php\/formations-training\/\">Continue Reading<\/a><\/p>\n","protected":false},"author":1,"featured_media":247,"parent":0,"menu_order":0,"comment_status":"closed","ping_status":"closed","template":"","meta":{"footnotes":""},"class_list":["post-69","page","type-page","status-publish","has-post-thumbnail","hentry"],"_links":{"self":[{"href":"https:\/\/heraclite.eu\/index.php\/wp-json\/wp\/v2\/pages\/69"}],"collection":[{"href":"https:\/\/heraclite.eu\/index.php\/wp-json\/wp\/v2\/pages"}],"about":[{"href":"https:\/\/heraclite.eu\/index.php\/wp-json\/wp\/v2\/types\/page"}],"author":[{"embeddable":true,"href":"https:\/\/heraclite.eu\/index.php\/wp-json\/wp\/v2\/users\/1"}],"replies":[{"embeddable":true,"href":"https:\/\/heraclite.eu\/index.php\/wp-json\/wp\/v2\/comments?post=69"}],"version-history":[{"count":18,"href":"https:\/\/heraclite.eu\/index.php\/wp-json\/wp\/v2\/pages\/69\/revisions"}],"predecessor-version":[{"id":330,"href":"https:\/\/heraclite.eu\/index.php\/wp-json\/wp\/v2\/pages\/69\/revisions\/330"}],"wp:featuredmedia":[{"embeddable":true,"href":"https:\/\/heraclite.eu\/index.php\/wp-json\/wp\/v2\/media\/247"}],"wp:attachment":[{"href":"https:\/\/heraclite.eu\/index.php\/wp-json\/wp\/v2\/media?parent=69"}],"curies":[{"name":"wp","href":"https:\/\/api.w.org\/{rel}","templated":true}]}}